{"id":6,"date":"2013-01-20T08:14:59","date_gmt":"2013-01-20T08:14:59","guid":{"rendered":"http:\/\/pilkkuband.fi\/?page_id=6"},"modified":"2021-11-22T20:25:43","modified_gmt":"2021-11-22T17:25:43","slug":"etusivu","status":"publish","type":"page","link":"http:\/\/www.pilkkuband.fi\/wordpress\/","title":{"rendered":"PILKKU"},"content":{"rendered":"<table border=\"1\">\n<tbody>\n<tr><!-- ENSIMM\u00c4INEN SOLU --><\/p>\n<td><!--\n\n\n<h1 style=\"text-align: left;\"><span style=\"color: #ff6600;\">No nyt Jys\u00e4ht\u00e4\u00e4 kovaa setti\u00e4!!!<\/span><\/h1>\n\n\n--><\/p>\n<h1 style=\"text-align: left;\"><span style=\"color: #ff6600;\">Bileb\u00e4ndi alkuillasta pilkkuun asti &#8211; yli 200 keikan kokemuksella. <\/p>\n<p>Vuonna 2007 perustettu cover-bileb\u00e4ndi Pilkku on monipuolisen biisikattauksen sek\u00e4 tunnelmaa nostattavan valoshown ja savuefektien kera varma valinta tilaisuuteen kuin tilaisuuteen. Oli siis kyseess\u00e4 syntt\u00e4rit, h\u00e4\u00e4t, pikkujoulut, firman bileet, festarit, puutarhajuhlat, etkot, jatkot tai mitk\u00e4 ikin\u00e4 keksitk\u00e4\u00e4n, tee juhlistasi ikimuistoiset ja valitse b\u00e4ndiksesi Pilkku.<\/span><\/h1>\n<p>&nbsp;<\/p>\n<p><!-- [gallery type=\"slideshow\" link=\"none\" size=\"medium\" ids=\"574,553,286,277,268,249,242,235,234,231,831,827,834,833,828,1013,1014,971,1015,1011\" orderby=\"rand\"] --><\/p>\n<p><!-- ENSIMM\u00c4INEN SOLU LOPPUU --><!-- TOINEN SOLU --><\/td>\n<\/tr>\n<\/tbody>\n<\/table>\n","protected":false},"excerpt":{"rendered":"<p>Bileb\u00e4ndi alkuillasta pilkkuun asti &#8211; yli 200 keikan kokemuksella. Vuonna 2007 perustettu cover-bileb\u00e4ndi Pilkku on monipuolisen biisikattauksen sek\u00e4 tunnelmaa nostattavan valoshown ja savuefektien kera varma valinta tilaisuuteen kuin tilaisuuteen. Oli siis kyseess\u00e4 syntt\u00e4rit, h\u00e4\u00e4t, pikkujoulut, firman bileet, festarit, puutarhajuhlat, etkot, jatkot tai mitk\u00e4 ikin\u00e4 keksitk\u00e4\u00e4n, tee juhlistasi ikimuistoiset ja valitse b\u00e4ndiksesi Pilkku. &nbsp;<\/p>\n","protected":false},"author":1,"featured_media":0,"parent":0,"menu_order":0,"comment_status":"closed","ping_status":"closed","template":"","meta":{"footnotes":""},"class_list":["post-6","page","type-page","status-publish","hentry"],"_links":{"self":[{"href":"http:\/\/www.pilkkuband.fi\/wordpress\/wp-json\/wp\/v2\/pages\/6","targetHints":{"allow":["GET"]}}],"collection":[{"href":"http:\/\/www.pilkkuband.fi\/wordpress\/wp-json\/wp\/v2\/pages"}],"about":[{"href":"http:\/\/www.pilkkuband.fi\/wordpress\/wp-json\/wp\/v2\/types\/page"}],"author":[{"embeddable":true,"href":"http:\/\/www.pilkkuband.fi\/wordpress\/wp-json\/wp\/v2\/users\/1"}],"replies":[{"embeddable":true,"href":"http:\/\/www.pilkkuband.fi\/wordpress\/wp-json\/wp\/v2\/comments?post=6"}],"version-history":[{"count":103,"href":"http:\/\/www.pilkkuband.fi\/wordpress\/wp-json\/wp\/v2\/pages\/6\/revisions"}],"predecessor-version":[{"id":1227,"href":"http:\/\/www.pilkkuband.fi\/wordpress\/wp-json\/wp\/v2\/pages\/6\/revisions\/1227"}],"wp:attachment":[{"href":"http:\/\/www.pilkkuband.fi\/wordpress\/wp-json\/wp\/v2\/media?parent=6"}],"curies":[{"name":"wp","href":"https:\/\/api.w.org\/{rel}","templated":true}]}}